{"id":326,"date":"2017-12-26T11:33:05","date_gmt":"2017-12-26T11:33:05","guid":{"rendered":"http:\/\/wp2.commonsupport.com\/newwp\/financehub\/?page_id=326"},"modified":"2018-12-01T17:40:40","modified_gmt":"2018-12-01T17:40:40","slug":"okoljska-dajatev","status":"publish","type":"page","link":"https:\/\/svetovalec-za-kemikalije.info\/en\/okoljska-dajatev\/","title":{"rendered":"Environmental duty"},"content":{"rendered":"<p><section class=\"kc-elm kc-css-109151 kc_row\"><div class=\"kc-row-container  kc-container\"><div class=\"kc-wrap-columns\"><div class=\"kc-elm kc-css-136407 kc_col-sm-12 kc_column kc_col-sm-12\"><div class=\"kc-col-container\"><div class=\"kc-elm kc-css-14689\" style=\"height: 20px; clear: both; width:100%;\"><\/div>\n<div class=\"kc-elm kc-css-171235 kc-title-wrap\">\n\n\t<h2 class=\"kc_title\">Environmental duty<\/h2>\n<\/div>\n<div class=\"kc-elm kc-css-499841\" style=\"height: 20px; clear: both; width:100%;\"><\/div><\/div><\/div><\/div><\/div><\/section><section class=\"kc-elm kc-css-440694 kc_row\"><div class=\"kc-row-container  kc-container\"><div class=\"kc-wrap-columns\"><div class=\"kc-elm kc-css-54294 kc_col-sm-8 kc_column kc_col-sm-8\"><div class=\"kc-col-container\"><div class=\"kc-elm kc-css-642195 kc_text_block\"><\/p>\n<p>The main obligations of environmental taxpayers are: registration of activities, keeping records after the moment of the obligation to settle bills, submission of bills to the local competent financial offices and payment of the environmental tax.<\/p>\n<p>\n<\/div><div class=\"kc-elm kc-css-921358\" style=\"height: 20px; clear: both; width:100%;\"><\/div><div class=\"kc-elm kc-css-278164 kc_text_block\"><\/p>\n<p><strong>Environmental charges for environmental pollution are paid for:<\/strong><br \/>\n\u2022 The use of volatile organic compounds;<br \/>\n\u2022 The use of lubricating oils and liquids;<br \/>\n\u2022 The production of end-of-life motor vehicles;<br \/>\n\u2022 The production of packaging waste;<br \/>\n\u2022 Generation of waste electrical and electronic equipment;<br \/>\n\u2022 Production of worn-out tires;<br \/>\n\u2022 Wastewater discharge;<br \/>\n\u2022 Disposal of waste.<\/p>\n<p>\n<\/div><\/div><\/div><div class=\"kc-elm kc-css-629225 kc_col-sm-4 kc_column kc_col-sm-4\"><div class=\"kc-col-container\"><div class=\"kc-elm kc-css-66521 kc_text_block\"><\/p>\n<p><strong>Environmental taxes are national levies that the taxpayer must pay to the Customs Office of the Republic of Slovenia.<\/strong><\/p>\n<p>\n<\/div><div class=\"kc-elm kc-css-254390\" style=\"height: 20px; clear: both; width:100%;\"><\/div><div class=\"kc-elm kc-css-657537 kc_text_block\"><\/p>\n<p>We offer you professional assistance, prepare documentation and regularly report to FURS on your behalf.<\/p>\n<p>\n<\/div><div class=\"kc-elm kc-css-549249\" style=\"height: 20px; clear: both; width:100%;\"><\/div>\n<div class=\"kc-elm kc-css-306829 kc-title-wrap\">\n\n\t<h3 class=\"kc_title\">Important links:<\/h3>\n<\/div>\n<div class=\"kc-elm kc-css-325284\" style=\"height: 20px; clear: both; width:100%;\"><\/div>\n<div class=\"kc-elm kc-css-535095 kc-pro-button kc-button-main\">\n\t<a href=\"http:\/\/www.fu.gov.si\/davki_in_druge_dajatve\/podrocja\/okoljske_dajatve\/\" title=\"Okoljske dajatve\" target=\"_blank\">\n\t\t<span class=\"creative_title\">Okoljske dajatve<\/span>\t<\/a>\n<\/div>\n<\/div><\/div><\/div><\/div><\/section><section class=\"kc-elm kc-css-593742 kc_row\"><div class=\"kc-row-container  kc-container\"><div class=\"kc-wrap-columns\"><div class=\"kc-elm kc-css-749501 kc_col-sm-12 kc_column kc_col-sm-12\"><div class=\"kc-col-container\"><div class=\"kc-elm kc-css-400936\" style=\"height: 20px; clear: both; width:100%;\"><\/div><div class=\"kc-elm kc-css-247854 kc_text_block\"><\/p>\n<p><strong>The taxpayer must complete the application, send it to CARS and regularly report and pay the environmental tax.<\/strong><\/p>\n<p>\n<\/div><div class=\"kc-elm kc-css-487034\" style=\"height: 20px; clear: both; width:100%;\"><\/div><\/div><\/div><\/div><\/div><\/section><section class=\"kc-elm kc-css-847000 kc_row\"><div class=\"kc-row-container\"><div class=\"kc-wrap-columns\"><div class=\"kc-elm kc-css-207622 kc_col-sm-12 kc_column kc_col-sm-12\"><div class=\"kc-col-container\"><section class=\"call-to-action-three\">\n    <div class=\"auto-container\">\n        <div class=\"clearfix\">\n            <div class=\"pull-left\">\n              <h2>Do you need chemical consultant expert?<\/h2>  \n            <\/div>\n            <div class=\"pull-right\">\n                <a href=\"http:\/\/svetovalec-za-kemikalije.info\/en\/kontakt\/\" class=\"thmeme-btn btn-style-two\">Contact us.<\/a>\n            <\/div>\n        <\/div>\n            \n    <\/div>\n<\/section>\n<\/div><\/div><\/div><\/div><\/section><\/p>","protected":false},"excerpt":{"rendered":"","protected":false},"author":1,"featured_media":0,"parent":0,"menu_order":0,"comment_status":"closed","ping_status":"closed","template":"tpl-king_composer.php","meta":{"_exactmetrics_skip_tracking":false,"_exactmetrics_sitenote_active":false,"_exactmetrics_sitenote_note":"","_exactmetrics_sitenote_category":0},"yoast_head":"<!-- This site is optimized with the Yoast SEO plugin v18.4.1 - https:\/\/yoast.com\/wordpress\/plugins\/seo\/ -->\n<title>Okoljska dajatev - Svetovalec za kemikalije<\/title>\n<meta name=\"description\" content=\"Nudimo vam strokovno pomo\u010d pri okoljskih dajatvah, za vas pripravimo dokumentacijo in v va\u0161em imenu redno poro\u010damo FURS-u.\" \/>\n<meta name=\"robots\" content=\"index, follow, max-snippet:-1, max-image-preview:large, max-video-preview:-1\" \/>\n<link rel=\"canonical\" href=\"https:\/\/svetovalec-za-kemikalije.info\/en\/okoljska-dajatev\/\" \/>\n<meta property=\"og:locale\" content=\"en_GB\" \/>\n<meta property=\"og:type\" content=\"article\" \/>\n<meta property=\"og:title\" content=\"Okoljska dajatev - Svetovalec za kemikalije\" \/>\n<meta property=\"og:description\" content=\"Nudimo vam strokovno pomo\u010d pri okoljskih dajatvah, za vas pripravimo dokumentacijo in v va\u0161em imenu redno poro\u010damo FURS-u.\" \/>\n<meta property=\"og:url\" content=\"https:\/\/svetovalec-za-kemikalije.info\/en\/okoljska-dajatev\/\" \/>\n<meta property=\"og:site_name\" content=\"Svetovalec za kemikalije\" \/>\n<meta property=\"article:modified_time\" content=\"2018-12-01T17:40:40+00:00\" \/>\n<meta name=\"twitter:card\" content=\"summary_large_image\" \/>\n<meta name=\"twitter:label1\" content=\"Estimated reading time\" \/>\n\t<meta name=\"twitter:data1\" content=\"1 minute\" \/>\n<script type=\"application\/ld+json\" class=\"yoast-schema-graph\">{\"@context\":\"https:\/\/schema.org\",\"@graph\":[{\"@type\":\"Organization\",\"@id\":\"https:\/\/svetovalec-za-kemikalije.info\/#organization\",\"name\":\"Zavod MAJ, Kamnica\",\"url\":\"https:\/\/svetovalec-za-kemikalije.info\/\",\"sameAs\":[],\"logo\":{\"@type\":\"ImageObject\",\"@id\":\"https:\/\/svetovalec-za-kemikalije.info\/#logo\",\"inLanguage\":\"en-GB\",\"url\":\"https:\/\/svetovalec-za-kemikalije.info\/wp-content\/uploads\/2018\/04\/LOGO4.png\",\"contentUrl\":\"https:\/\/svetovalec-za-kemikalije.info\/wp-content\/uploads\/2018\/04\/LOGO4.png\",\"width\":220,\"height\":51,\"caption\":\"Zavod MAJ, Kamnica\"},\"image\":{\"@id\":\"https:\/\/svetovalec-za-kemikalije.info\/#logo\"}},{\"@type\":\"WebSite\",\"@id\":\"https:\/\/svetovalec-za-kemikalije.info\/#website\",\"url\":\"https:\/\/svetovalec-za-kemikalije.info\/\",\"name\":\"Svetovalec za kemikalije\",\"description\":\"Vse informacije iz kemijske zakonodaje na enem mestu!\",\"publisher\":{\"@id\":\"https:\/\/svetovalec-za-kemikalije.info\/#organization\"},\"potentialAction\":[{\"@type\":\"SearchAction\",\"target\":{\"@type\":\"EntryPoint\",\"urlTemplate\":\"https:\/\/svetovalec-za-kemikalije.info\/?s={search_term_string}\"},\"query-input\":\"required name=search_term_string\"}],\"inLanguage\":\"en-GB\"},{\"@type\":\"WebPage\",\"@id\":\"https:\/\/svetovalec-za-kemikalije.info\/okoljska-dajatev\/#webpage\",\"url\":\"https:\/\/svetovalec-za-kemikalije.info\/okoljska-dajatev\/\",\"name\":\"Okoljska dajatev - Svetovalec za kemikalije\",\"isPartOf\":{\"@id\":\"https:\/\/svetovalec-za-kemikalije.info\/#website\"},\"datePublished\":\"2017-12-26T11:33:05+00:00\",\"dateModified\":\"2018-12-01T17:40:40+00:00\",\"description\":\"Nudimo vam strokovno pomo\u010d pri okoljskih dajatvah, za vas pripravimo dokumentacijo in v va\u0161em imenu redno poro\u010damo FURS-u.\",\"breadcrumb\":{\"@id\":\"https:\/\/svetovalec-za-kemikalije.info\/okoljska-dajatev\/#breadcrumb\"},\"inLanguage\":\"en-GB\",\"potentialAction\":[{\"@type\":\"ReadAction\",\"target\":[\"https:\/\/svetovalec-za-kemikalije.info\/okoljska-dajatev\/\"]}]},{\"@type\":\"BreadcrumbList\",\"@id\":\"https:\/\/svetovalec-za-kemikalije.info\/okoljska-dajatev\/#breadcrumb\",\"itemListElement\":[{\"@type\":\"ListItem\",\"position\":1,\"name\":\"Home\",\"item\":\"https:\/\/svetovalec-za-kemikalije.info\/\"},{\"@type\":\"ListItem\",\"position\":2,\"name\":\"Okoljska dajatev\"}]}]}<\/script>\n<!-- \/ Yoast SEO plugin. -->","yoast_head_json":{"title":"Okoljska dajatev - Svetovalec za kemikalije","description":"Nudimo vam strokovno pomo\u010d pri okoljskih dajatvah, za vas pripravimo dokumentacijo in v va\u0161em imenu redno poro\u010damo FURS-u.","robots":{"index":"index","follow":"follow","max-snippet":"max-snippet:-1","max-image-preview":"max-image-preview:large","max-video-preview":"max-video-preview:-1"},"canonical":"https:\/\/svetovalec-za-kemikalije.info\/en\/okoljska-dajatev\/","og_locale":"en_GB","og_type":"article","og_title":"Okoljska dajatev - Svetovalec za kemikalije","og_description":"Nudimo vam strokovno pomo\u010d pri okoljskih dajatvah, za vas pripravimo dokumentacijo in v va\u0161em imenu redno poro\u010damo FURS-u.","og_url":"https:\/\/svetovalec-za-kemikalije.info\/en\/okoljska-dajatev\/","og_site_name":"Svetovalec za kemikalije","article_modified_time":"2018-12-01T17:40:40+00:00","twitter_card":"summary_large_image","twitter_misc":{"Estimated reading time":"1 minute"},"schema":{"@context":"https:\/\/schema.org","@graph":[{"@type":"Organization","@id":"https:\/\/svetovalec-za-kemikalije.info\/#organization","name":"Institution MAJ, Kamnica","url":"https:\/\/svetovalec-za-kemikalije.info\/","sameAs":[],"logo":{"@type":"ImageObject","@id":"https:\/\/svetovalec-za-kemikalije.info\/#logo","inLanguage":"en-GB","url":"https:\/\/svetovalec-za-kemikalije.info\/wp-content\/uploads\/2018\/04\/LOGO4.png","contentUrl":"https:\/\/svetovalec-za-kemikalije.info\/wp-content\/uploads\/2018\/04\/LOGO4.png","width":220,"height":51,"caption":"Zavod MAJ, Kamnica"},"image":{"@id":"https:\/\/svetovalec-za-kemikalije.info\/#logo"}},{"@type":"WebSite","@id":"https:\/\/svetovalec-za-kemikalije.info\/#website","url":"https:\/\/svetovalec-za-kemikalije.info\/","name":"Chemical consultant","description":"All information from chemical law in one place!","publisher":{"@id":"https:\/\/svetovalec-za-kemikalije.info\/#organization"},"potentialAction":[{"@type":"SearchAction","target":{"@type":"EntryPoint","urlTemplate":"https:\/\/svetovalec-za-kemikalije.info\/?s={search_term_string}"},"query-input":"required name=search_term_string"}],"inLanguage":"en-GB"},{"@type":"WebPage","@id":"https:\/\/svetovalec-za-kemikalije.info\/okoljska-dajatev\/#webpage","url":"https:\/\/svetovalec-za-kemikalije.info\/okoljska-dajatev\/","name":"Okoljska dajatev - Svetovalec za kemikalije","isPartOf":{"@id":"https:\/\/svetovalec-za-kemikalije.info\/#website"},"datePublished":"2017-12-26T11:33:05+00:00","dateModified":"2018-12-01T17:40:40+00:00","description":"Nudimo vam strokovno pomo\u010d pri okoljskih dajatvah, za vas pripravimo dokumentacijo in v va\u0161em imenu redno poro\u010damo FURS-u.","breadcrumb":{"@id":"https:\/\/svetovalec-za-kemikalije.info\/okoljska-dajatev\/#breadcrumb"},"inLanguage":"en-GB","potentialAction":[{"@type":"ReadAction","target":["https:\/\/svetovalec-za-kemikalije.info\/okoljska-dajatev\/"]}]},{"@type":"BreadcrumbList","@id":"https:\/\/svetovalec-za-kemikalije.info\/okoljska-dajatev\/#breadcrumb","itemListElement":[{"@type":"ListItem","position":1,"name":"Home","item":"https:\/\/svetovalec-za-kemikalije.info\/"},{"@type":"ListItem","position":2,"name":"Okoljska dajatev"}]}]}},"_links":{"self":[{"href":"https:\/\/svetovalec-za-kemikalije.info\/en\/wp-json\/wp\/v2\/pages\/326"}],"collection":[{"href":"https:\/\/svetovalec-za-kemikalije.info\/en\/wp-json\/wp\/v2\/pages"}],"about":[{"href":"https:\/\/svetovalec-za-kemikalije.info\/en\/wp-json\/wp\/v2\/types\/page"}],"author":[{"embeddable":true,"href":"https:\/\/svetovalec-za-kemikalije.info\/en\/wp-json\/wp\/v2\/users\/1"}],"replies":[{"embeddable":true,"href":"https:\/\/svetovalec-za-kemikalije.info\/en\/wp-json\/wp\/v2\/comments?post=326"}],"version-history":[{"count":0,"href":"https:\/\/svetovalec-za-kemikalije.info\/en\/wp-json\/wp\/v2\/pages\/326\/revisions"}],"wp:attachment":[{"href":"https:\/\/svetovalec-za-kemikalije.info\/en\/wp-json\/wp\/v2\/media?parent=326"}],"curies":[{"name":"wp","href":"https:\/\/api.w.org\/{rel}","templated":true}]}}