{"id":163,"date":"2017-12-22T06:09:00","date_gmt":"2017-12-22T06:09:00","guid":{"rendered":"http:\/\/wp2.commonsupport.com\/newwp\/financehub\/?page_id=163"},"modified":"2019-09-03T16:43:52","modified_gmt":"2019-09-03T16:43:52","slug":"home-page-03","status":"publish","type":"page","link":"https:\/\/svetovalec-za-kemikalije.info\/en\/","title":{"rendered":"Home"},"content":{"rendered":"<p><section class=\"kc-elm kc-css-634641 kc_row\"><div class=\"kc-row-container\"><div class=\"kc-wrap-columns\"><div class=\"kc-elm kc-css-153189 kc_col-sm-12 kc_column kc_col-sm-12\"><div class=\"kc-col-container\"><div class=\"kc-elm kc-css-683038\" style=\"height: 20px; clear: both; width:100%;\"><\/div><div class=\"kc-elm kc-css-433960 kc_shortcode kc_single_image\">\n\n        <img src=\"https:\/\/svetovalec-za-kemikalije.info\/wp-content\/uploads\/2018\/05\/logo1-600x150xc.png\" class=\"\" alt=\"\" \/>    <\/div>\n<\/div><\/div><\/div><\/div><\/section><section class=\"kc-elm kc-css-848637 kc_row\"><div class=\"kc-row-container\"><div class=\"kc-wrap-columns\"><div class=\"kc-elm kc-css-334607 kc_col-sm-12 kc_column kc_col-sm-12\"><div class=\"kc-col-container\"><\/div><\/div><\/div><\/div><\/section><section class=\"kc-elm kc-css-414158 kc_row\"><div class=\"kc-row-container\"><div class=\"kc-wrap-columns\"><div class=\"kc-elm kc-css-220681 kc_col-sm-12 kc_column kc_col-sm-12\"><div class=\"kc-col-container\">   \r\n\r\n<!--Welcome Section-->\r\n<section class=\"welcome-section\">\r\n    <div class=\"auto-container\">\r\n        <!--Sec Title-->\r\n        <div class=\"sec-title centered\">\r\n            <h2><\/h2>\r\n            <div class=\"text\"><\/div>\r\n        <\/div>\r\n        <div class=\"row clearfix\">\r\n                        <!--Column-->\r\n            <div class=\"col-md-4 col-sm-6 col-xs-12\">\r\n                <div class=\"services-block-eleven\">\r\n                    <div class=\"img-holder\">\r\n                        <img width=\"370\" height=\"300\" src=\"https:\/\/svetovalec-za-kemikalije.info\/wp-content\/uploads\/2017\/12\/etiketa-storitve1.jpg\" class=\"attachment-covina_370x300 size-covina_370x300 wp-post-image\" alt=\"\" loading=\"lazy\" srcset=\"https:\/\/svetovalec-za-kemikalije.info\/wp-content\/uploads\/2017\/12\/etiketa-storitve1.jpg 370w, https:\/\/svetovalec-za-kemikalije.info\/wp-content\/uploads\/2017\/12\/etiketa-storitve1-300x243.jpg 300w\" sizes=\"(max-width: 370px) 100vw, 370px\" \/>                        <div class=\"overlay-box\">                                        \r\n                        <\/div>\r\n                        <div class=\"content\">\r\n                            <h3 class=\"count\">01<\/h3>\r\n                            <h4>Etiketa<\/h4>\r\n                        <\/div>\r\n                        <div class=\"icon-box\">\r\n                            <span class=\"\"><\/span>    \r\n                        <\/div>\r\n                        <div class=\"overlay-content\">\r\n                            <div class=\"content\">\r\n                                <h3 class=\"count\">01<\/h3>\r\n                                <h4>Etiketa<\/h4>\r\n                                <div class=\"text\">Vsaka nevarna kemikalija mora biti ozna\u010dena z ustrezno etiketo.\u00a0Za vas pripravimo tekst, lahko pa tudi izdelamo etiketo skupaj s celotno grafi\u010dno podobo.<\/div>\r\n                            <\/div>\r\n                        <\/div>  \r\n                    <\/div>\r\n                <\/div>\r\n            <\/div>\r\n                        <!--Column-->\r\n            <div class=\"col-md-4 col-sm-6 col-xs-12\">\r\n                <div class=\"services-block-eleven\">\r\n                    <div class=\"img-holder\">\r\n                        <img width=\"370\" height=\"300\" src=\"https:\/\/svetovalec-za-kemikalije.info\/wp-content\/uploads\/2017\/12\/biocidi.jpg\" class=\"attachment-covina_370x300 size-covina_370x300 wp-post-image\" alt=\"\" loading=\"lazy\" srcset=\"https:\/\/svetovalec-za-kemikalije.info\/wp-content\/uploads\/2017\/12\/biocidi.jpg 370w, https:\/\/svetovalec-za-kemikalije.info\/wp-content\/uploads\/2017\/12\/biocidi-300x243.jpg 300w\" sizes=\"(max-width: 370px) 100vw, 370px\" \/>                        <div class=\"overlay-box\">                                        \r\n                        <\/div>\r\n                        <div class=\"content\">\r\n                            <h3 class=\"count\">02<\/h3>\r\n                            <h4>Varnostni list<\/h4>\r\n                        <\/div>\r\n                        <div class=\"icon-box\">\r\n                            <span class=\"\"><\/span>    \r\n                        <\/div>\r\n                        <div class=\"overlay-content\">\r\n                            <div class=\"content\">\r\n                                <h3 class=\"count\">02<\/h3>\r\n                                <h4>Varnostni list<\/h4>\r\n                                <div class=\"text\">Za vsako nevarno snov\/zmes, ki se proizvaja\/vna\u0161a\/uva\u017ea, mora dobavitelj imeti slovenski varnostni list. Za vas izdelamo, pregledamo ali prevedemo varnostni list.<\/div>\r\n                            <\/div>\r\n                        <\/div>  \r\n                    <\/div>\r\n                <\/div>\r\n            <\/div>\r\n                        <!--Column-->\r\n            <div class=\"col-md-4 col-sm-6 col-xs-12\">\r\n                <div class=\"services-block-eleven\">\r\n                    <div class=\"img-holder\">\r\n                        <img width=\"370\" height=\"300\" src=\"https:\/\/svetovalec-za-kemikalije.info\/wp-content\/uploads\/2017\/12\/services-9.jpg\" class=\"attachment-covina_370x300 size-covina_370x300 wp-post-image\" alt=\"\" loading=\"lazy\" srcset=\"https:\/\/svetovalec-za-kemikalije.info\/wp-content\/uploads\/2017\/12\/services-9.jpg 370w, https:\/\/svetovalec-za-kemikalije.info\/wp-content\/uploads\/2017\/12\/services-9-300x243.jpg 300w\" sizes=\"(max-width: 370px) 100vw, 370px\" \/>                        <div class=\"overlay-box\">                                        \r\n                        <\/div>\r\n                        <div class=\"content\">\r\n                            <h3 class=\"count\">03<\/h3>\r\n                            <h4>Biocidi<\/h4>\r\n                        <\/div>\r\n                        <div class=\"icon-box\">\r\n                            <span class=\"\"><\/span>    \r\n                        <\/div>\r\n                        <div class=\"overlay-content\">\r\n                            <div class=\"content\">\r\n                                <h3 class=\"count\">03<\/h3>\r\n                                <h4>Biocidi<\/h4>\r\n                                <div class=\"text\">Svetujemo vam pri pridobivanju potrebne dokumentacije, ustrezno pripravljeno vlogo predlo\u017eimo Uradu za kemikalije ter vodimo postopek do vpisa proizvoda v register biocidnih proizvodov.<\/div>\r\n                            <\/div>\r\n                        <\/div>  \r\n                    <\/div>\r\n                <\/div>\r\n            <\/div>\r\n                    <\/div>\r\n    <\/div>\r\n<\/section>\r\n<!--End Welcome Section-->\r\n\r\n<div class=\"kc-elm kc-css-566871\" style=\"height: 40px; clear: both; width:100%;\"><\/div><\/div><\/div><\/div><\/div><\/section><section class=\"kc-elm kc-css-490543 kc_row\"><div class=\"kc-row-container  kc-container\"><div class=\"kc-wrap-columns\"><div class=\"kc-elm kc-css-796910 kc_col-sm-12 kc_column kc_col-sm-12\"><div class=\"kc-col-container\">\n<!--About Section-->\n<section class=\"about-section no-padd\">\n    <div class=\"auto-container\">\n        <div class=\"row clearfix\">\n            <!--Column-->\n            <div class=\"title-column col-md-6 col-sm-12 col-xs-12\">\n                <!--Sec Title-->\n                <div class=\"sec-title\">\n                    <h2>Vse informacije iz kemijske zakonodaje na enem mestu!<\/h2>\n                <\/div>\n                <div class=\"text\">\n                    <p><b>Imamo dolgoletne izku\u0161nje iz kemijske proizvodnje, zato pravilno ocenimo va\u0161e potrebe, predlagamo ukrepe in osebno zastopamo va\u0161e interese pred kemijskimi in\u0161pektorji.<\/b><\/p>\r\n\r\n<p>Z veseljem se z vami sestanemo in se pogovorimo o mo\u017enih re\u0161itvah va\u0161ega problema!<\/p>                <\/div>\n                <div class=\"author-information\">\n                    <h4>, <span><\/span><\/h4>\n                    <p><\/p>\n                <\/div>\n                <div class=\"author-sign\">\n                    <img src=\"\" alt=\"\">\n                <\/div>\n            <\/div>\n            <!--Content Column-->\n            <div class=\"image-column  col-md-6 col-sm-12 col-xs-12\">\n                <div class=\"image\"><img src=\"\" alt=\"\"><\/div>\n            <\/div>\n        <\/div>\n    <\/div>\n<\/section>\n<!--End About Section--><div class=\"kc-elm kc-css-312611\" style=\"height: 20px; clear: both; width:100%;\"><\/div><\/div><\/div><\/div><\/div><\/section><section class=\"kc-elm kc-css-604409 kc_row\"><div class=\"kc-row-container  kc-container\"><div class=\"kc-wrap-columns\"><div class=\"kc-elm kc-css-941661 kc_col-sm-12 kc_column kc_col-sm-12\"><div class=\"kc-col-container\"><\/div><\/div><\/div><\/div><\/section><section class=\"kc-elm kc-css-484994 kc_row\"><div class=\"kc-row-container\"><div class=\"kc-wrap-columns\"><div class=\"kc-elm kc-css-219270 kc_col-sm-12 kc_column kc_col-sm-12\"><div class=\"kc-col-container\"><!-- call to action -->\n<section class=\"call-to-action\">\n    <div class=\"auto-container\">\n        <h2>Ni\u010desar v \u017eivljenju se ni treba bati, treba je samo razumeti.<br><span class=\"mariecurie\">~Marie Curie<\/span><\/h2>\n    <\/div>\n<\/section><\/div><\/div><\/div><\/div><\/section><section class=\"kc-elm kc-css-381673 kc_row\"><div class=\"kc-row-container\"><div class=\"kc-wrap-columns\"><div class=\"kc-elm kc-css-640812 kc_col-sm-12 kc_column kc_col-sm-12\"><div class=\"kc-col-container\"><section class=\"default-section\" style=\"background-image:url('http:\/\/svetovalec-za-kemikalije.info\/wp-content\/uploads\/2018\/05\/logogreyfooter1.png');\">\n    <div class=\"auto-container\">\n        <!--Sec Title-->\n        <div class=\"sec-title\">\n            <h2>Zagotovite si ponudbo! <\/h2>\n        <\/div>\n        <div class=\"row clearfix\">\n\n            <!--Form Column-->\n            <div class=\"form-column col-md-8 col-sm-12 col-xs-12\">\n                <div class=\"inner-column\">\n                    \n                    <!--Default Form-->\n                    <div class=\"default-form\">\n                        <div class=\"row clearfix\">\n                            <div role=\"form\" class=\"wpcf7\" id=\"wpcf7-f544-o1\" lang=\"en-US\" dir=\"ltr\">\n<div class=\"screen-reader-response\"><p role=\"status\" aria-live=\"polite\" aria-atomic=\"true\"><\/p> <ul><\/ul><\/div>\n<form action=\"\/en\/wp-json\/wp\/v2\/pages\/163#wpcf7-f544-o1\" method=\"post\" class=\"wpcf7-form init\" novalidate=\"novalidate\" data-status=\"init\">\n<div style=\"display: none;\">\n<input type=\"hidden\" name=\"_wpcf7\" value=\"544\" \/>\n<input type=\"hidden\" name=\"_wpcf7_version\" value=\"5.4.2\" \/>\n<input type=\"hidden\" name=\"_wpcf7_locale\" value=\"en_US\" \/>\n<input type=\"hidden\" name=\"_wpcf7_unit_tag\" value=\"wpcf7-f544-o1\" \/>\n<input type=\"hidden\" name=\"_wpcf7_container_post\" value=\"0\" \/>\n<input type=\"hidden\" name=\"_wpcf7_posted_data_hash\" value=\"\" \/>\n<\/div>\n<div class=\"contact-page-form-1\">\n<div class=\"row clearfix\">\n<div class=\"col-md-6 col-sm-6 col-xs-12 form-group\">\n<label>Va\u0161e ime*<\/label><br \/>\n<span class=\"wpcf7-form-control-wrap text-747\"><input type=\"text\" name=\"text-747\" value=\"\" size=\"40\" class=\"wpcf7-form-control wpcf7-text wpcf7-validates-as-required\" aria-required=\"true\" aria-invalid=\"false\" \/><\/span>\n<\/div>\n<div class=\"col-md-6 col-sm-6 col-xs-12 form-group\">\n<label>E-po\u0161ta*<\/label><br \/>\n<span class=\"wpcf7-form-control-wrap email-8\"><input type=\"email\" name=\"email-8\" value=\"\" size=\"40\" class=\"wpcf7-form-control wpcf7-text wpcf7-email wpcf7-validates-as-required wpcf7-validates-as-email\" aria-required=\"true\" aria-invalid=\"false\" \/><\/span>\n<\/div>\n<div class=\"col-md-12 col-sm-12 col-xs-12 form-group\">\n<label>Zadeva<\/label><br \/>\n<span class=\"wpcf7-form-control-wrap text-748\"><input type=\"text\" name=\"text-748\" value=\"\" size=\"40\" class=\"wpcf7-form-control wpcf7-text\" aria-invalid=\"false\" \/><\/span>\n<\/div>\n<div class=\"col-lg-12 col-md-12 col-sm-12 col-xs-12 form-group\">\n<label>Va\u0161e sporo\u010dilo...<\/label><br \/>\n<span class=\"wpcf7-form-control-wrap textarea-498\"><textarea name=\"textarea-498\" cols=\"40\" rows=\"10\" class=\"wpcf7-form-control wpcf7-textarea\" aria-invalid=\"false\"><\/textarea><\/span>\n<\/div>\n<div class=\"col-lg-12 col-md-12 col-sm-12 col-xs-12 form-group\">\n<input type=\"submit\" value=\"Po\u0161lji sporo\u010dilo\" class=\"wpcf7-form-control wpcf7-submit theme-btn btn-style-one\" \/>\n<\/div>\n<\/div>\n<\/div>\n<p>[anr_nocaptcha g-recaptcha-response]<\/p>\n<p style=\"display: none !important;\"><label>&#916;<textarea name=\"_wpcf7_ak_hp_textarea\" cols=\"45\" rows=\"8\" maxlength=\"100\"><\/textarea><\/label><input type=\"hidden\" id=\"ak_js_1\" name=\"_wpcf7_ak_js\" value=\"170\"\/><script>document.getElementById( \"ak_js_1\" ).setAttribute( \"value\", ( new Date() ).getTime() );<\/script><\/p><div class=\"wpcf7-response-output\" aria-hidden=\"true\"><\/div><\/form><\/div>\r\n\r\n                        <\/div>\n                    <\/div>\n                <\/div>\n            <\/div>\n\n            <!--Column-->\n            <div class=\"content-column col-md-4 col-sm-12 col-xs-12\">\n                \n                <div class=\"inner-box\">\n\t\t\t\t\t                    <div class=\"services-block-seven\">\n                        <div class=\"inner\">\n                            <div class=\"icon-box\"><span class=\"icon fa-shield-alt\"><\/span><\/div>\n                            <h3><a href=\"\">Sledimo zakonom<\/a><\/h3>\n                            <p>za varno prodajo biocidov<\/p>\n                            <div class=\"text\">Poskrbimo za varen uvoz\/izvoz biocidov in priskrbimo potrebna dovoljenja.<\/div>\n                        <\/div>\n                    <\/div>\n                                        <div class=\"services-block-seven\">\n                        <div class=\"inner\">\n                            <div class=\"icon-box\"><span class=\"icon fa-book\"><\/span><\/div>\n                            <h3><a href=\"\">Izdelava navodil<\/a><\/h3>\n                            <p>za varno delo s kemikalijami<\/p>\n                            <div class=\"text\">Proizvode, ki vsebujejo kemikalije opremimo z ustreznimi navodili.<\/div>\n                        <\/div>\n                    <\/div>\n                                        <div class=\"services-block-seven\">\n                        <div class=\"inner\">\n                            <div class=\"icon-box\"><span class=\"icon fa-comment\"><\/span><\/div>\n                            <h3><a href=\"#\">Svetovanje<\/a><\/h3>\n                            <p>s podro\u010dja zakonodaje<\/p>\n                            <div class=\"text\">Odstranjevanje nevarnih odpadkov in obveznosti glede okolskih dajatev.<\/div>\n                        <\/div>\n                    <\/div>\n                       \n                <\/div>\n            <\/div>\n            \n        <\/div>\n    <\/div>\n<\/section><\/div><\/div><\/div><\/div><\/section><section class=\"kc-elm kc-css-354171 kc_row\"><div class=\"kc-row-container\"><div class=\"kc-wrap-columns\"><div class=\"kc-elm kc-css-783968 kc_col-sm-12 kc_column kc_col-sm-12\"><div class=\"kc-col-container\"><!--Clients Section-->\n<section class=\"clients-section grey-bg\">\n    <div class=\"auto-container\">\n                <!--Sec Title-->\n        <div class=\"sec-title centered\">\n            <h2>Zaupajo nam<\/h2>               \n        <\/div>\n                <!--Sponsors Carousel-->\n        <ul class=\"five-item-carousel owl-carousel owl-theme owl-dot-style-one owl-nav-none\">\n                        <li class=\"slide-item\"><figure class=\"image-box\"><a href=\"#\"><img src=\"https:\/\/svetovalec-za-kemikalije.info\/wp-content\/plugins\/kingcomposer\/assets\/images\/get_start.jpg\" alt=\"\"><\/a><\/figure><\/li>\n                        <li class=\"slide-item\"><figure class=\"image-box\"><a href=\"#\"><img src=\"https:\/\/svetovalec-za-kemikalije.info\/wp-content\/plugins\/kingcomposer\/assets\/images\/get_start.jpg\" alt=\"\"><\/a><\/figure><\/li>\n                        <li class=\"slide-item\"><figure class=\"image-box\"><a href=\"#\"><img src=\"https:\/\/svetovalec-za-kemikalije.info\/wp-content\/plugins\/kingcomposer\/assets\/images\/get_start.jpg\" alt=\"\"><\/a><\/figure><\/li>\n                        <li class=\"slide-item\"><figure class=\"image-box\"><a href=\"#\"><img src=\"https:\/\/svetovalec-za-kemikalije.info\/wp-content\/plugins\/kingcomposer\/assets\/images\/get_start.jpg\" alt=\"\"><\/a><\/figure><\/li>\n                        <li class=\"slide-item\"><figure class=\"image-box\"><a href=\"#\"><img src=\"https:\/\/svetovalec-za-kemikalije.info\/wp-content\/plugins\/kingcomposer\/assets\/images\/get_start.jpg\" alt=\"\"><\/a><\/figure><\/li>\n                        <li class=\"slide-item\"><figure class=\"image-box\"><a href=\"#\"><img src=\"https:\/\/svetovalec-za-kemikalije.info\/wp-content\/plugins\/kingcomposer\/assets\/images\/get_start.jpg\" alt=\"\"><\/a><\/figure><\/li>\n                        <li class=\"slide-item\"><figure class=\"image-box\"><a href=\"#\"><img src=\"https:\/\/svetovalec-za-kemikalije.info\/wp-content\/plugins\/kingcomposer\/assets\/images\/get_start.jpg\" alt=\"\"><\/a><\/figure><\/li>\n                    <\/ul>\n    <\/div>\n<\/section>\n<!--End Clients Section--><\/div><\/div><\/div><\/div><\/section><\/p>\n","protected":false},"excerpt":{"rendered":"","protected":false},"author":1,"featured_media":0,"parent":0,"menu_order":0,"comment_status":"closed","ping_status":"closed","template":"tpl-king_composer.php","meta":{"_exactmetrics_skip_tracking":false,"_exactmetrics_sitenote_active":false,"_exactmetrics_sitenote_note":"","_exactmetrics_sitenote_category":0},"yoast_head":"<!-- This site is optimized with the Yoast SEO plugin v18.4.1 - https:\/\/yoast.com\/wordpress\/plugins\/seo\/ -->\n<title>Vse informacije iz kemijske zakonodaje na enem mestu! Tel. 031 290 480<\/title>\n<meta name=\"description\" content=\"Imamo dolgoletne izku\u0161nje iz kemijske proizvodnje, zato pravilno ocenimo va\u0161e potrebe, predlagamo ukrepe in poenostavimo va\u0161e poslovanje.\" \/>\n<meta name=\"robots\" content=\"index, follow, max-snippet:-1, max-image-preview:large, max-video-preview:-1\" \/>\n<link rel=\"canonical\" href=\"https:\/\/svetovalec-za-kemikalije.info\/en\/\" \/>\n<meta property=\"og:locale\" content=\"en_GB\" \/>\n<meta property=\"og:type\" content=\"article\" \/>\n<meta property=\"og:title\" content=\"Vse informacije iz kemijske zakonodaje na enem mestu! Tel. 031 290 480\" \/>\n<meta property=\"og:description\" content=\"Imamo dolgoletne izku\u0161nje iz kemijske proizvodnje, zato pravilno ocenimo va\u0161e potrebe, predlagamo ukrepe in poenostavimo va\u0161e poslovanje.\" \/>\n<meta property=\"og:url\" content=\"https:\/\/svetovalec-za-kemikalije.info\/en\/\" \/>\n<meta property=\"og:site_name\" content=\"Svetovalec za kemikalije\" \/>\n<meta property=\"article:modified_time\" content=\"2019-09-03T16:43:52+00:00\" \/>\n<meta property=\"og:image\" content=\"http:\/\/svetovalec-za-kemikalije.info\/wp-content\/uploads\/2018\/05\/logo1-600x150xc.png\" \/>\n<meta name=\"twitter:card\" content=\"summary_large_image\" \/>\n<meta name=\"twitter:label1\" content=\"Estimated reading time\" \/>\n\t<meta name=\"twitter:data1\" content=\"1 minute\" \/>\n<script type=\"application\/ld+json\" class=\"yoast-schema-graph\">{\"@context\":\"https:\/\/schema.org\",\"@graph\":[{\"@type\":\"Organization\",\"@id\":\"https:\/\/svetovalec-za-kemikalije.info\/#organization\",\"name\":\"Zavod MAJ, Kamnica\",\"url\":\"https:\/\/svetovalec-za-kemikalije.info\/\",\"sameAs\":[],\"logo\":{\"@type\":\"ImageObject\",\"@id\":\"https:\/\/svetovalec-za-kemikalije.info\/#logo\",\"inLanguage\":\"en-GB\",\"url\":\"https:\/\/svetovalec-za-kemikalije.info\/wp-content\/uploads\/2018\/04\/LOGO4.png\",\"contentUrl\":\"https:\/\/svetovalec-za-kemikalije.info\/wp-content\/uploads\/2018\/04\/LOGO4.png\",\"width\":220,\"height\":51,\"caption\":\"Zavod MAJ, Kamnica\"},\"image\":{\"@id\":\"https:\/\/svetovalec-za-kemikalije.info\/#logo\"}},{\"@type\":\"WebSite\",\"@id\":\"https:\/\/svetovalec-za-kemikalije.info\/#website\",\"url\":\"https:\/\/svetovalec-za-kemikalije.info\/\",\"name\":\"Svetovalec za kemikalije\",\"description\":\"Vse informacije iz kemijske zakonodaje na enem mestu!\",\"publisher\":{\"@id\":\"https:\/\/svetovalec-za-kemikalije.info\/#organization\"},\"potentialAction\":[{\"@type\":\"SearchAction\",\"target\":{\"@type\":\"EntryPoint\",\"urlTemplate\":\"https:\/\/svetovalec-za-kemikalije.info\/?s={search_term_string}\"},\"query-input\":\"required name=search_term_string\"}],\"inLanguage\":\"en-GB\"},{\"@type\":\"ImageObject\",\"@id\":\"https:\/\/svetovalec-za-kemikalije.info\/#primaryimage\",\"inLanguage\":\"en-GB\",\"url\":\"http:\/\/svetovalec-za-kemikalije.info\/wp-content\/uploads\/2018\/05\/logo1-600x150xc.png\",\"contentUrl\":\"http:\/\/svetovalec-za-kemikalije.info\/wp-content\/uploads\/2018\/05\/logo1-600x150xc.png\"},{\"@type\":\"WebPage\",\"@id\":\"https:\/\/svetovalec-za-kemikalije.info\/#webpage\",\"url\":\"https:\/\/svetovalec-za-kemikalije.info\/\",\"name\":\"Vse informacije iz kemijske zakonodaje na enem mestu! Tel. 031 290 480\",\"isPartOf\":{\"@id\":\"https:\/\/svetovalec-za-kemikalije.info\/#website\"},\"primaryImageOfPage\":{\"@id\":\"https:\/\/svetovalec-za-kemikalije.info\/#primaryimage\"},\"datePublished\":\"2017-12-22T06:09:00+00:00\",\"dateModified\":\"2019-09-03T16:43:52+00:00\",\"description\":\"Imamo dolgoletne izku\u0161nje iz kemijske proizvodnje, zato pravilno ocenimo va\u0161e potrebe, predlagamo ukrepe in poenostavimo va\u0161e poslovanje.\",\"breadcrumb\":{\"@id\":\"https:\/\/svetovalec-za-kemikalije.info\/#breadcrumb\"},\"inLanguage\":\"en-GB\",\"potentialAction\":[{\"@type\":\"ReadAction\",\"target\":[\"https:\/\/svetovalec-za-kemikalije.info\/\"]}]},{\"@type\":\"BreadcrumbList\",\"@id\":\"https:\/\/svetovalec-za-kemikalije.info\/#breadcrumb\",\"itemListElement\":[{\"@type\":\"ListItem\",\"position\":1,\"name\":\"Home\",\"item\":\"https:\/\/svetovalec-za-kemikalije.info\/\"},{\"@type\":\"ListItem\",\"position\":2,\"name\":\"Domov\"}]}]}<\/script>\n<!-- \/ Yoast SEO plugin. -->","yoast_head_json":{"title":"Vse informacije iz kemijske zakonodaje na enem mestu! Tel. 031 290 480","description":"We have many years of experience in chemical production, so we properly assess your needs; we propose measures and simplify your business.","robots":{"index":"index","follow":"follow","max-snippet":"max-snippet:-1","max-image-preview":"max-image-preview:large","max-video-preview":"max-video-preview:-1"},"canonical":"https:\/\/svetovalec-za-kemikalije.info\/en\/","og_locale":"en_GB","og_type":"article","og_title":"Vse informacije iz kemijske zakonodaje na enem mestu! Tel. 031 290 480","og_description":"Imamo dolgoletne izku\u0161nje iz kemijske proizvodnje, zato pravilno ocenimo va\u0161e potrebe, predlagamo ukrepe in poenostavimo va\u0161e poslovanje.","og_url":"https:\/\/svetovalec-za-kemikalije.info\/en\/","og_site_name":"Svetovalec za kemikalije","article_modified_time":"2019-09-03T16:43:52+00:00","og_image":[{"url":"http:\/\/svetovalec-za-kemikalije.info\/wp-content\/uploads\/2018\/05\/logo1-600x150xc.png"}],"twitter_card":"summary_large_image","twitter_misc":{"Estimated reading time":"1 minute"},"schema":{"@context":"https:\/\/schema.org","@graph":[{"@type":"Organization","@id":"https:\/\/svetovalec-za-kemikalije.info\/#organization","name":"Institution MAJ, Kamnica","url":"https:\/\/svetovalec-za-kemikalije.info\/","sameAs":[],"logo":{"@type":"ImageObject","@id":"https:\/\/svetovalec-za-kemikalije.info\/#logo","inLanguage":"en-GB","url":"https:\/\/svetovalec-za-kemikalije.info\/wp-content\/uploads\/2018\/04\/LOGO4.png","contentUrl":"https:\/\/svetovalec-za-kemikalije.info\/wp-content\/uploads\/2018\/04\/LOGO4.png","width":220,"height":51,"caption":"Zavod MAJ, Kamnica"},"image":{"@id":"https:\/\/svetovalec-za-kemikalije.info\/#logo"}},{"@type":"WebSite","@id":"https:\/\/svetovalec-za-kemikalije.info\/#website","url":"https:\/\/svetovalec-za-kemikalije.info\/","name":"Chemical consultant","description":"All information from chemical law in one place!","publisher":{"@id":"https:\/\/svetovalec-za-kemikalije.info\/#organization"},"potentialAction":[{"@type":"SearchAction","target":{"@type":"EntryPoint","urlTemplate":"https:\/\/svetovalec-za-kemikalije.info\/?s={search_term_string}"},"query-input":"required name=search_term_string"}],"inLanguage":"en-GB"},{"@type":"ImageObject","@id":"https:\/\/svetovalec-za-kemikalije.info\/#primaryimage","inLanguage":"en-GB","url":"http:\/\/svetovalec-za-kemikalije.info\/wp-content\/uploads\/2018\/05\/logo1-600x150xc.png","contentUrl":"http:\/\/svetovalec-za-kemikalije.info\/wp-content\/uploads\/2018\/05\/logo1-600x150xc.png"},{"@type":"WebPage","@id":"https:\/\/svetovalec-za-kemikalije.info\/#webpage","url":"https:\/\/svetovalec-za-kemikalije.info\/","name":"Vse informacije iz kemijske zakonodaje na enem mestu! Tel. 031 290 480","isPartOf":{"@id":"https:\/\/svetovalec-za-kemikalije.info\/#website"},"primaryImageOfPage":{"@id":"https:\/\/svetovalec-za-kemikalije.info\/#primaryimage"},"datePublished":"2017-12-22T06:09:00+00:00","dateModified":"2019-09-03T16:43:52+00:00","description":"We have many years of experience in chemical production, so we properly assess your needs; we propose measures and simplify your business.","breadcrumb":{"@id":"https:\/\/svetovalec-za-kemikalije.info\/#breadcrumb"},"inLanguage":"en-GB","potentialAction":[{"@type":"ReadAction","target":["https:\/\/svetovalec-za-kemikalije.info\/"]}]},{"@type":"BreadcrumbList","@id":"https:\/\/svetovalec-za-kemikalije.info\/#breadcrumb","itemListElement":[{"@type":"ListItem","position":1,"name":"Home","item":"https:\/\/svetovalec-za-kemikalije.info\/"},{"@type":"ListItem","position":2,"name":"Domov"}]}]}},"_links":{"self":[{"href":"https:\/\/svetovalec-za-kemikalije.info\/en\/wp-json\/wp\/v2\/pages\/163"}],"collection":[{"href":"https:\/\/svetovalec-za-kemikalije.info\/en\/wp-json\/wp\/v2\/pages"}],"about":[{"href":"https:\/\/svetovalec-za-kemikalije.info\/en\/wp-json\/wp\/v2\/types\/page"}],"author":[{"embeddable":true,"href":"https:\/\/svetovalec-za-kemikalije.info\/en\/wp-json\/wp\/v2\/users\/1"}],"replies":[{"embeddable":true,"href":"https:\/\/svetovalec-za-kemikalije.info\/en\/wp-json\/wp\/v2\/comments?post=163"}],"version-history":[{"count":0,"href":"https:\/\/svetovalec-za-kemikalije.info\/en\/wp-json\/wp\/v2\/pages\/163\/revisions"}],"wp:attachment":[{"href":"https:\/\/svetovalec-za-kemikalije.info\/en\/wp-json\/wp\/v2\/media?parent=163"}],"curies":[{"name":"wp","href":"https:\/\/api.w.org\/{rel}","templated":true}]}}