{"id":1072,"date":"2018-05-12T19:21:08","date_gmt":"2018-05-12T19:21:08","guid":{"rendered":"http:\/\/svetovalec-za-kemikalije.info\/?page_id=1072"},"modified":"2018-05-20T14:08:07","modified_gmt":"2018-05-20T14:08:07","slug":"reach","status":"publish","type":"page","link":"https:\/\/svetovalec-za-kemikalije.info\/en\/reach\/","title":{"rendered":"REACH"},"content":{"rendered":"<section class=\"kc-elm kc-css-673479 kc_row\"><div class=\"kc-row-container\"><div class=\"kc-wrap-columns\"><div class=\"kc-elm kc-css-833782 kc_col-sm-12 kc_column kc_col-sm-12\"><div class=\"kc-col-container\">\n<div class=\"kc-elm kc-css-852536 kc-title-wrap\">\n\n\t<h2 class=\"kc_title\">REACH - pomen pravnega okvira Evropske unije v sistemu varstva pred nevarnimi kemikalijami\r\n\r\n<\/h2>\n<\/div>\n<div class=\"kc-elm kc-css-646234\" style=\"height: 20px; clear: both; width:100%;\"><\/div><div class=\"kc-elm kc-css-696964 kc_text_block\"><\/p>\n<p>&#8220;REACH \u2013 pomeni nov pravni okvir Evropske unije za varno ravnanje z nevarnimi kemikalijami, kot tudi pomembnost tega pravnega okvira za zakonodajo in kazenski pregon s strani dr\u017eavne uprave, in\u0161pekcijskih slu\u017eb, strokovnih slu\u017eb in institucij, ter vpliv na poslovanje gospodarstva.<br \/>\nNovi evropski pravni okvir za kemikalije, znane kot REACH, prina\u0161a velike spremembe organov pristojnih za podro\u010dje kemikalij in za industrijo, ki bodo moral zagotoviti podatke o varnosti kemikalij in mo\u017enih tveganjih. Po mnogih letih posvetovanj na ravni Evropske unije, med Evropsko komisijo, Evropskim parlamentom in Svetom in vsemi zainteresiranimi stranmi, predvsem, kemi\u010dno industrijo in zdru\u017eenja kemi\u010dne industrije, je bila v decembru 2006 sprejeta Uredba (ES) \u0161t 1907\/2006 Evropskega parlamenta in Sveta o registraciji, evalvaciji, avtorizaciji in omejevanju kemikalij (REACH &#8211; kratica za registracijo, evalvacijo in avtorizacijo kemikalij), ki je za\u010dela veljati 1. junija 2007.<br \/>\nUredba REACH dolo\u010da obveznosti proizvajalcev, uvoznikov in nadaljnjih uporabnikov snovi (posami\u010dno, v pripravkih in izdelkih), proizvedene ali uvo\u017eene v EU v koli\u010dinah, ki so enake ali ve\u010dje od ene tone. V proizvodnji, uvozu in uporabi snovi ali njihovem dajanju na trg z odgovornostjo in pazljivostjo, ki je potrebna, da se v razumno predvidljivih pogojih zagotavi, da ni nobenih \u0161kodljivih u\u010dinkov na zdravje ljudi in okolje. Proizvajalci in uvozniki morajo zagotoviti informacije o lastnostih snovi, proizvedenih ali uvo\u017eenih, in podatkih, ki se uporabljajo za oceno tveganja in ugotoviti in predlagati ustrezne ukrepe za obvladovanje tveganja. Vse te informacije za registracijo se predlo\u017eijo Evropski agenciji za kemikalije (ECHA), ki se nahajajo v Helsinkih, ki vodi centralno bazo podatkov o kemikalijah.<\/p>\n<p>\n<\/div><div class=\"kc-elm kc-css-847025\" style=\"height: 20px; clear: both; width:100%;\"><\/div><div class=\"kc-elm kc-css-77776 kc_shortcode kc_single_image\">\n\n        <img src=\"https:\/\/svetovalec-za-kemikalije.info\/wp-content\/uploads\/2017\/12\/reach.png\" class=\"\" alt=\"\" \/>    <\/div>\n<div class=\"kc-elm kc-css-158556\" style=\"height: 20px; clear: both; width:100%;\"><\/div><div class=\"kc-elm kc-css-323879 kc_text_block\"><\/p>\n<p>Glede na to, da je to zelo kompleksen del evropske zakonodaje, ki je zelo zahteven za industrijo so regulatorji predvideni za prehodno obdobje 11 let, pod pogojem, da se snov predhodno registrira. REACH bo za nekatere kategorije nevarnih kemikalij uveden postopoma in v skladu z ustaljenimi koraki na\u010drta registracije.<br \/>\nDejstvo, da so predpisi v celoti zavezujo\u010di in se neposredno uporabljajo v vseh dr\u017eavah \u010dlanicah Evropske unije, brez obveznosti za prenos v nacionalno zakonodajo, se ta uredba v celoti izvaja v Republiki Sloveniji.<\/p>\n<p>\n<\/div><\/div><\/div><\/div><\/div><\/section>","protected":false},"excerpt":{"rendered":"","protected":false},"author":1,"featured_media":0,"parent":0,"menu_order":0,"comment_status":"closed","ping_status":"closed","template":"","meta":{"_exactmetrics_skip_tracking":false,"_exactmetrics_sitenote_active":false,"_exactmetrics_sitenote_note":"","_exactmetrics_sitenote_category":0},"yoast_head":"<!-- This site is optimized with the Yoast SEO plugin v18.4.1 - https:\/\/yoast.com\/wordpress\/plugins\/seo\/ -->\n<title>REACH - Svetovalec za kemikalije<\/title>\n<meta name=\"robots\" content=\"index, follow, max-snippet:-1, max-image-preview:large, max-video-preview:-1\" \/>\n<link rel=\"canonical\" href=\"https:\/\/svetovalec-za-kemikalije.info\/en\/reach\/\" \/>\n<meta property=\"og:locale\" content=\"en_GB\" \/>\n<meta property=\"og:type\" content=\"article\" \/>\n<meta property=\"og:title\" content=\"REACH - Svetovalec za kemikalije\" \/>\n<meta property=\"og:description\" content=\"REACH &#8211; pomen pravnega okvira Evropske unije v sistemu varstva pred nevarnimi kemikalijami &#8220;REACH \u2013 pomeni nov pravni okvir Evropske unije za varno ravnanje z nevarnimi kemikalijami, kot tudi pomembnost tega pravnega okvira za zakonodajo in kazenski pregon s strani dr\u017eavne uprave, in\u0161pekcijskih slu\u017eb, strokovnih slu\u017eb in institucij, ter vpliv na poslovanje gospodarstva. Novi evropski\" \/>\n<meta property=\"og:url\" content=\"https:\/\/svetovalec-za-kemikalije.info\/en\/reach\/\" \/>\n<meta property=\"og:site_name\" content=\"Svetovalec za kemikalije\" \/>\n<meta property=\"article:modified_time\" content=\"2018-05-20T14:08:07+00:00\" \/>\n<meta property=\"og:image\" content=\"http:\/\/svetovalec-za-kemikalije.info\/wp-content\/uploads\/2017\/12\/reach.png\" \/>\n<meta name=\"twitter:card\" content=\"summary_large_image\" \/>\n<meta name=\"twitter:label1\" content=\"Estimated reading time\" \/>\n\t<meta name=\"twitter:data1\" content=\"2 minutes\" \/>\n<script type=\"application\/ld+json\" class=\"yoast-schema-graph\">{\"@context\":\"https:\/\/schema.org\",\"@graph\":[{\"@type\":\"Organization\",\"@id\":\"https:\/\/svetovalec-za-kemikalije.info\/#organization\",\"name\":\"Zavod MAJ, Kamnica\",\"url\":\"https:\/\/svetovalec-za-kemikalije.info\/\",\"sameAs\":[],\"logo\":{\"@type\":\"ImageObject\",\"@id\":\"https:\/\/svetovalec-za-kemikalije.info\/#logo\",\"inLanguage\":\"en-GB\",\"url\":\"https:\/\/svetovalec-za-kemikalije.info\/wp-content\/uploads\/2018\/04\/LOGO4.png\",\"contentUrl\":\"https:\/\/svetovalec-za-kemikalije.info\/wp-content\/uploads\/2018\/04\/LOGO4.png\",\"width\":220,\"height\":51,\"caption\":\"Zavod MAJ, Kamnica\"},\"image\":{\"@id\":\"https:\/\/svetovalec-za-kemikalije.info\/#logo\"}},{\"@type\":\"WebSite\",\"@id\":\"https:\/\/svetovalec-za-kemikalije.info\/#website\",\"url\":\"https:\/\/svetovalec-za-kemikalije.info\/\",\"name\":\"Svetovalec za kemikalije\",\"description\":\"Vse informacije iz kemijske zakonodaje na enem mestu!\",\"publisher\":{\"@id\":\"https:\/\/svetovalec-za-kemikalije.info\/#organization\"},\"potentialAction\":[{\"@type\":\"SearchAction\",\"target\":{\"@type\":\"EntryPoint\",\"urlTemplate\":\"https:\/\/svetovalec-za-kemikalije.info\/?s={search_term_string}\"},\"query-input\":\"required name=search_term_string\"}],\"inLanguage\":\"en-GB\"},{\"@type\":\"ImageObject\",\"@id\":\"https:\/\/svetovalec-za-kemikalije.info\/reach\/#primaryimage\",\"inLanguage\":\"en-GB\",\"url\":\"https:\/\/svetovalec-za-kemikalije.info\/wp-content\/uploads\/2017\/12\/reach.png\",\"contentUrl\":\"https:\/\/svetovalec-za-kemikalije.info\/wp-content\/uploads\/2017\/12\/reach.png\",\"width\":318,\"height\":159,\"caption\":\"reach\"},{\"@type\":\"WebPage\",\"@id\":\"https:\/\/svetovalec-za-kemikalije.info\/reach\/#webpage\",\"url\":\"https:\/\/svetovalec-za-kemikalije.info\/reach\/\",\"name\":\"REACH - Svetovalec za kemikalije\",\"isPartOf\":{\"@id\":\"https:\/\/svetovalec-za-kemikalije.info\/#website\"},\"primaryImageOfPage\":{\"@id\":\"https:\/\/svetovalec-za-kemikalije.info\/reach\/#primaryimage\"},\"datePublished\":\"2018-05-12T19:21:08+00:00\",\"dateModified\":\"2018-05-20T14:08:07+00:00\",\"breadcrumb\":{\"@id\":\"https:\/\/svetovalec-za-kemikalije.info\/reach\/#breadcrumb\"},\"inLanguage\":\"en-GB\",\"potentialAction\":[{\"@type\":\"ReadAction\",\"target\":[\"https:\/\/svetovalec-za-kemikalije.info\/reach\/\"]}]},{\"@type\":\"BreadcrumbList\",\"@id\":\"https:\/\/svetovalec-za-kemikalije.info\/reach\/#breadcrumb\",\"itemListElement\":[{\"@type\":\"ListItem\",\"position\":1,\"name\":\"Home\",\"item\":\"https:\/\/svetovalec-za-kemikalije.info\/\"},{\"@type\":\"ListItem\",\"position\":2,\"name\":\"REACH\"}]}]}<\/script>\n<!-- \/ Yoast SEO plugin. -->","yoast_head_json":{"title":"REACH - Svetovalec za kemikalije","robots":{"index":"index","follow":"follow","max-snippet":"max-snippet:-1","max-image-preview":"max-image-preview:large","max-video-preview":"max-video-preview:-1"},"canonical":"https:\/\/svetovalec-za-kemikalije.info\/en\/reach\/","og_locale":"en_GB","og_type":"article","og_title":"REACH - Svetovalec za kemikalije","og_description":"REACH &#8211; pomen pravnega okvira Evropske unije v sistemu varstva pred nevarnimi kemikalijami &#8220;REACH \u2013 pomeni nov pravni okvir Evropske unije za varno ravnanje z nevarnimi kemikalijami, kot tudi pomembnost tega pravnega okvira za zakonodajo in kazenski pregon s strani dr\u017eavne uprave, in\u0161pekcijskih slu\u017eb, strokovnih slu\u017eb in institucij, ter vpliv na poslovanje gospodarstva. Novi evropski","og_url":"https:\/\/svetovalec-za-kemikalije.info\/en\/reach\/","og_site_name":"Svetovalec za kemikalije","article_modified_time":"2018-05-20T14:08:07+00:00","og_image":[{"url":"http:\/\/svetovalec-za-kemikalije.info\/wp-content\/uploads\/2017\/12\/reach.png"}],"twitter_card":"summary_large_image","twitter_misc":{"Estimated reading time":"2 minutes"},"schema":{"@context":"https:\/\/schema.org","@graph":[{"@type":"Organization","@id":"https:\/\/svetovalec-za-kemikalije.info\/#organization","name":"Institution MAJ, Kamnica","url":"https:\/\/svetovalec-za-kemikalije.info\/","sameAs":[],"logo":{"@type":"ImageObject","@id":"https:\/\/svetovalec-za-kemikalije.info\/#logo","inLanguage":"en-GB","url":"https:\/\/svetovalec-za-kemikalije.info\/wp-content\/uploads\/2018\/04\/LOGO4.png","contentUrl":"https:\/\/svetovalec-za-kemikalije.info\/wp-content\/uploads\/2018\/04\/LOGO4.png","width":220,"height":51,"caption":"Zavod MAJ, Kamnica"},"image":{"@id":"https:\/\/svetovalec-za-kemikalije.info\/#logo"}},{"@type":"WebSite","@id":"https:\/\/svetovalec-za-kemikalije.info\/#website","url":"https:\/\/svetovalec-za-kemikalije.info\/","name":"Chemical consultant","description":"All information from chemical law in one place!","publisher":{"@id":"https:\/\/svetovalec-za-kemikalije.info\/#organization"},"potentialAction":[{"@type":"SearchAction","target":{"@type":"EntryPoint","urlTemplate":"https:\/\/svetovalec-za-kemikalije.info\/?s={search_term_string}"},"query-input":"required name=search_term_string"}],"inLanguage":"en-GB"},{"@type":"ImageObject","@id":"https:\/\/svetovalec-za-kemikalije.info\/reach\/#primaryimage","inLanguage":"en-GB","url":"https:\/\/svetovalec-za-kemikalije.info\/wp-content\/uploads\/2017\/12\/reach.png","contentUrl":"https:\/\/svetovalec-za-kemikalije.info\/wp-content\/uploads\/2017\/12\/reach.png","width":318,"height":159,"caption":"reach"},{"@type":"WebPage","@id":"https:\/\/svetovalec-za-kemikalije.info\/reach\/#webpage","url":"https:\/\/svetovalec-za-kemikalije.info\/reach\/","name":"REACH - Svetovalec za kemikalije","isPartOf":{"@id":"https:\/\/svetovalec-za-kemikalije.info\/#website"},"primaryImageOfPage":{"@id":"https:\/\/svetovalec-za-kemikalije.info\/reach\/#primaryimage"},"datePublished":"2018-05-12T19:21:08+00:00","dateModified":"2018-05-20T14:08:07+00:00","breadcrumb":{"@id":"https:\/\/svetovalec-za-kemikalije.info\/reach\/#breadcrumb"},"inLanguage":"en-GB","potentialAction":[{"@type":"ReadAction","target":["https:\/\/svetovalec-za-kemikalije.info\/reach\/"]}]},{"@type":"BreadcrumbList","@id":"https:\/\/svetovalec-za-kemikalije.info\/reach\/#breadcrumb","itemListElement":[{"@type":"ListItem","position":1,"name":"Home","item":"https:\/\/svetovalec-za-kemikalije.info\/"},{"@type":"ListItem","position":2,"name":"REACH"}]}]}},"_links":{"self":[{"href":"https:\/\/svetovalec-za-kemikalije.info\/en\/wp-json\/wp\/v2\/pages\/1072"}],"collection":[{"href":"https:\/\/svetovalec-za-kemikalije.info\/en\/wp-json\/wp\/v2\/pages"}],"about":[{"href":"https:\/\/svetovalec-za-kemikalije.info\/en\/wp-json\/wp\/v2\/types\/page"}],"author":[{"embeddable":true,"href":"https:\/\/svetovalec-za-kemikalije.info\/en\/wp-json\/wp\/v2\/users\/1"}],"replies":[{"embeddable":true,"href":"https:\/\/svetovalec-za-kemikalije.info\/en\/wp-json\/wp\/v2\/comments?post=1072"}],"version-history":[{"count":0,"href":"https:\/\/svetovalec-za-kemikalije.info\/en\/wp-json\/wp\/v2\/pages\/1072\/revisions"}],"wp:attachment":[{"href":"https:\/\/svetovalec-za-kemikalije.info\/en\/wp-json\/wp\/v2\/media?parent=1072"}],"curies":[{"name":"wp","href":"https:\/\/api.w.org\/{rel}","templated":true}]}}